{"id":11819,"date":"2024-04-21T10:39:11","date_gmt":"2024-04-21T09:39:11","guid":{"rendered":"https:\/\/www.zaanseschans.com\/erklaerung-zum-datenschutz\/"},"modified":"2024-06-11T19:28:36","modified_gmt":"2024-06-11T18:28:36","slug":"erklaerung-zum-datenschutz","status":"publish","type":"page","link":"https:\/\/www.zaanseschans.com\/de\/erklaerung-zum-datenschutz\/","title":{"rendered":"Erkl\u00e4rung zum Datenschutz"},"content":{"rendered":"<div class=\"fusion-fullwidth fullwidth-box fusion-builder-row-1 fusion-flex-container has-pattern-background has-mask-background nonhundred-percent-fullwidth non-hundred-percent-height-scrolling\" style=\"--awb-border-radius-top-left:0px;--awb-border-radius-top-right:0px;--awb-border-radius-bottom-right:0px;--awb-border-radius-bottom-left:0px;--awb-flex-wrap:wrap;\" ><div class=\"fusion-builder-row fusion-row fusion-flex-align-items-flex-start fusion-flex-content-wrap\" style=\"max-width:1430px;margin-left: calc(-4% \/ 2 );margin-right: calc(-4% \/ 2 );\"><div class=\"fusion-layout-column fusion_builder_column fusion-builder-column-0 fusion_builder_column_1_6 1_6 fusion-flex-column\" style=\"--awb-bg-size:cover;--awb-width-large:16.666666666667%;--awb-margin-top-large:0px;--awb-spacing-right-large:11.52%;--awb-margin-bottom-large:8%;--awb-spacing-left-large:11.52%;--awb-width-medium:100%;--awb-order-medium:0;--awb-spacing-right-medium:1.92%;--awb-spacing-left-medium:1.92%;--awb-width-small:100%;--awb-order-small:0;--awb-spacing-right-small:1.92%;--awb-spacing-left-small:1.92%;\"><div class=\"fusion-column-wrapper fusion-column-has-shadow fusion-flex-justify-content-flex-start fusion-content-layout-column\"><\/div><\/div><div class=\"fusion-layout-column fusion_builder_column fusion-builder-column-1 fusion_builder_column_2_3 2_3 fusion-flex-column\" style=\"--awb-bg-size:cover;--awb-width-large:66.666666666667%;--awb-margin-top-large:0px;--awb-spacing-right-large:2.88%;--awb-margin-bottom-large:8%;--awb-spacing-left-large:2.88%;--awb-width-medium:100%;--awb-order-medium:0;--awb-spacing-right-medium:1.92%;--awb-spacing-left-medium:1.92%;--awb-width-small:100%;--awb-order-small:0;--awb-spacing-right-small:1.92%;--awb-spacing-left-small:1.92%;\"><div class=\"fusion-column-wrapper fusion-column-has-shadow fusion-flex-justify-content-flex-start fusion-content-layout-column\"><div class=\"fusion-text fusion-text-1\"><p><strong>Erkl\u00e4rung zum Datenschutz<br \/><\/strong><\/p>\n<hr>\n<p>Willkommen auf unserer Website \u00fcber die Zaanse Schans. Wir freuen uns \u00fcber Ihr Interesse an unserer historischen und touristischen Attraktion und m\u00f6chten transparent machen, wie wir mit Ihren pers\u00f6nlichen Daten umgehen.<\/p>\n<p><strong>Gesammelte Informationen<br \/><\/strong><\/p>\n<hr>\n<p>Wenn Sie unsere Website besuchen, k\u00f6nnen wir automatisch bestimmte Informationen erfassen, wie z.B. Ihre IP-Adresse, den Browsertyp, die bevorzugte Sprache, das Datum und die Uhrzeit Ihres Besuchs sowie die von Ihnen besuchten Seiten. Diese Informationen helfen uns, die Nutzung unserer Website zu verstehen und zu verbessern. Wir sammeln keine personenbezogenen Daten wie Ihren Namen, Ihre Adresse oder Ihre E-Mail-Adresse, es sei denn, Sie stellen diese freiwillig \u00fcber Formulare auf unserer Website zur Verf\u00fcgung.<\/p>\n<p><strong>Verwendung von Informationen<br \/><\/strong><\/p>\n<hr>\n<p>Wir verwenden die gesammelten Informationen, um unsere Website zu verwalten, zu analysieren, wie Benutzer unsere Website nutzen, technische Probleme zu l\u00f6sen und Trends zu verfolgen. Wir k\u00f6nnen uns auch mit Ihnen in Verbindung setzen, um Fragen oder Anfragen zu beantworten, die Sie \u00fcber unsere Website gestellt haben.<\/p>\n<p><strong>Cookies<br \/><\/strong><\/p>\n<hr>\n<p>Unsere Website verwendet Cookies, um Ihr Benutzererlebnis zu verbessern. Cookies sind kleine Textdateien, die auf Ihrem Computer abgelegt werden und Informationen \u00fcber Ihre Surfaktivit\u00e4ten auf unserer Website sammeln. Sie k\u00f6nnen Cookies \u00fcber die Einstellungen Ihres Webbrowsers ablehnen. Bitte beachten Sie jedoch, dass einige Funktionen unserer Website ohne Cookies m\u00f6glicherweise nicht richtig funktionieren.<\/p>\n<p><strong>Externe Links<br \/><\/strong><\/p>\n<hr>\n<p>Unsere Website kann Links zu externen Websites Dritter enthalten, deren Datenschutzpraktiken sich von den unseren unterscheiden k\u00f6nnen. Wir sind nicht verantwortlich f\u00fcr die Datenschutzrichtlinien oder den Inhalt dieser externen Websites. Wir empfehlen Ihnen, die Datenschutzbestimmungen jeder Website, die Sie besuchen, sorgf\u00e4ltig zu lesen.<\/p>\n<p><strong>Sicherheit<br \/><\/strong><\/p>\n<hr>\n<p>Wir nehmen den Schutz Ihrer pers\u00f6nlichen Daten ernst und ergreifen geeignete Ma\u00dfnahmen, um Ihre Daten vor Verlust, Missbrauch und unbefugtem Zugriff zu sch\u00fctzen. Wir beschr\u00e4nken den Zugriff auf Ihre pers\u00f6nlichen Daten auf Mitarbeiter, die diese zur Erf\u00fcllung ihrer Aufgaben ben\u00f6tigen.<\/p>\n<p><strong>\u00c4nderungen der Datenschutzbestimmungen<br \/><\/strong><\/p>\n<hr>\n<p>Wir behalten uns das Recht vor, diese Datenschutzerkl\u00e4rung jederzeit zu aktualisieren oder zu \u00e4ndern. Alle \u00c4nderungen treten in Kraft, sobald sie auf dieser Seite ver\u00f6ffentlicht werden. Wir empfehlen Ihnen, diese Seite regelm\u00e4\u00dfig auf Aktualisierungen zu \u00fcberpr\u00fcfen.<\/p>\n<p><strong>Kontaktieren Sie uns<br \/><\/strong><\/p>\n<hr>\n<p>Wenn Sie Fragen zu dieser Datenschutzerkl\u00e4rung oder zum Umgang mit Ihren pers\u00f6nlichen Daten haben, kontaktieren Sie uns bitte unter <a href=\"mailto:info@zaanseschans.nl\">info@zaanseschans.nl<\/a>.<\/p>\n<p>Durch die Nutzung unserer Website erkl\u00e4ren Sie sich mit der Erfassung und Nutzung von Informationen, wie in dieser Datenschutzerkl\u00e4rung beschrieben, einverstanden.<\/p>\n<\/div><\/div><\/div><div class=\"fusion-layout-column fusion_builder_column fusion-builder-column-2 fusion_builder_column_1_6 1_6 fusion-flex-column\" style=\"--awb-bg-size:cover;--awb-width-large:16.666666666667%;--awb-margin-top-large:0px;--awb-spacing-right-large:11.52%;--awb-margin-bottom-large:8%;--awb-spacing-left-large:11.52%;--awb-width-medium:100%;--awb-order-medium:0;--awb-spacing-right-medium:1.92%;--awb-spacing-left-medium:1.92%;--awb-width-small:100%;--awb-order-small:0;--awb-spacing-right-small:1.92%;--awb-spacing-left-small:1.92%;\"><div class=\"fusion-column-wrapper fusion-column-has-shadow fusion-flex-justify-content-flex-start fusion-content-layout-column\"><\/div><\/div><\/div><\/div>\n","protected":false},"excerpt":{"rendered":"","protected":false},"author":1,"featured_media":0,"parent":0,"menu_order":0,"comment_status":"closed","ping_status":"closed","template":"","meta":{"footnotes":""},"class_list":["post-11819","page","type-page","status-publish","hentry"],"yoast_head":"<!-- This site is optimized with the Yoast SEO plugin v27.3 - https:\/\/yoast.com\/product\/yoast-seo-wordpress\/ -->\n<title>Erkl\u00e4rung zum Datenschutz - Zaanse Schans<\/title>\n<meta name=\"robots\" content=\"index, follow, max-snippet:-1, max-image-preview:large, max-video-preview:-1\" \/>\n<link rel=\"canonical\" href=\"https:\/\/www.zaanseschans.com\/de\/erklaerung-zum-datenschutz\/\" \/>\n<meta property=\"og:locale\" content=\"de_DE\" \/>\n<meta property=\"og:type\" content=\"article\" \/>\n<meta property=\"og:title\" content=\"Erkl\u00e4rung zum Datenschutz - Zaanse Schans\" \/>\n<meta property=\"og:url\" content=\"https:\/\/www.zaanseschans.com\/de\/erklaerung-zum-datenschutz\/\" \/>\n<meta property=\"og:site_name\" content=\"Zaanse Schans\" \/>\n<meta property=\"article:modified_time\" content=\"2024-06-11T18:28:36+00:00\" \/>\n<meta name=\"twitter:card\" content=\"summary_large_image\" \/>\n<meta name=\"twitter:label1\" content=\"Gesch\u00e4tzte Lesezeit\" \/>\n\t<meta name=\"twitter:data1\" content=\"12\u00a0Minuten\" \/>\n<script type=\"application\/ld+json\" class=\"yoast-schema-graph\">{\"@context\":\"https:\\\/\\\/schema.org\",\"@graph\":[{\"@type\":\"WebPage\",\"@id\":\"https:\\\/\\\/www.zaanseschans.com\\\/de\\\/erklaerung-zum-datenschutz\\\/\",\"url\":\"https:\\\/\\\/www.zaanseschans.com\\\/de\\\/erklaerung-zum-datenschutz\\\/\",\"name\":\"Erkl\u00e4rung zum Datenschutz - Zaanse Schans\",\"isPartOf\":{\"@id\":\"https:\\\/\\\/www.zaanseschans.com\\\/de\\\/#website\"},\"datePublished\":\"2024-04-21T09:39:11+00:00\",\"dateModified\":\"2024-06-11T18:28:36+00:00\",\"breadcrumb\":{\"@id\":\"https:\\\/\\\/www.zaanseschans.com\\\/de\\\/erklaerung-zum-datenschutz\\\/#breadcrumb\"},\"inLanguage\":\"de\",\"potentialAction\":[{\"@type\":\"ReadAction\",\"target\":[\"https:\\\/\\\/www.zaanseschans.com\\\/de\\\/erklaerung-zum-datenschutz\\\/\"]}]},{\"@type\":\"BreadcrumbList\",\"@id\":\"https:\\\/\\\/www.zaanseschans.com\\\/de\\\/erklaerung-zum-datenschutz\\\/#breadcrumb\",\"itemListElement\":[{\"@type\":\"ListItem\",\"position\":1,\"name\":\"Home\",\"item\":\"https:\\\/\\\/www.zaanseschans.com\\\/de\\\/\"},{\"@type\":\"ListItem\",\"position\":2,\"name\":\"Erkl\u00e4rung zum Datenschutz\"}]},{\"@type\":\"WebSite\",\"@id\":\"https:\\\/\\\/www.zaanseschans.com\\\/de\\\/#website\",\"url\":\"https:\\\/\\\/www.zaanseschans.com\\\/de\\\/\",\"name\":\"Zaanse Schans\",\"description\":\"\",\"publisher\":{\"@id\":\"https:\\\/\\\/www.zaanseschans.com\\\/de\\\/#organization\"},\"potentialAction\":[{\"@type\":\"SearchAction\",\"target\":{\"@type\":\"EntryPoint\",\"urlTemplate\":\"https:\\\/\\\/www.zaanseschans.com\\\/de\\\/?s={search_term_string}\"},\"query-input\":{\"@type\":\"PropertyValueSpecification\",\"valueRequired\":true,\"valueName\":\"search_term_string\"}}],\"inLanguage\":\"de\"},{\"@type\":\"Organization\",\"@id\":\"https:\\\/\\\/www.zaanseschans.com\\\/de\\\/#organization\",\"name\":\"Zaanse Schans\",\"url\":\"https:\\\/\\\/www.zaanseschans.com\\\/de\\\/\",\"logo\":{\"@type\":\"ImageObject\",\"inLanguage\":\"de\",\"@id\":\"https:\\\/\\\/www.zaanseschans.com\\\/de\\\/#\\\/schema\\\/logo\\\/image\\\/\",\"url\":\"https:\\\/\\\/www.zaanseschans.com\\\/wp-content\\\/uploads\\\/Zaanse-schans-logo-INSTA.jpg\",\"contentUrl\":\"https:\\\/\\\/www.zaanseschans.com\\\/wp-content\\\/uploads\\\/Zaanse-schans-logo-INSTA.jpg\",\"width\":360,\"height\":360,\"caption\":\"Zaanse Schans\"},\"image\":{\"@id\":\"https:\\\/\\\/www.zaanseschans.com\\\/de\\\/#\\\/schema\\\/logo\\\/image\\\/\"},\"sameAs\":[\"https:\\\/\\\/www.instagram.com\\\/zaanseschansholland\\\/\"]}]}<\/script>\n<!-- \/ Yoast SEO plugin. -->","yoast_head_json":{"title":"Erkl\u00e4rung zum Datenschutz - Zaanse Schans","robots":{"index":"index","follow":"follow","max-snippet":"max-snippet:-1","max-image-preview":"max-image-preview:large","max-video-preview":"max-video-preview:-1"},"canonical":"https:\/\/www.zaanseschans.com\/de\/erklaerung-zum-datenschutz\/","og_locale":"de_DE","og_type":"article","og_title":"Erkl\u00e4rung zum Datenschutz - Zaanse Schans","og_url":"https:\/\/www.zaanseschans.com\/de\/erklaerung-zum-datenschutz\/","og_site_name":"Zaanse Schans","article_modified_time":"2024-06-11T18:28:36+00:00","twitter_card":"summary_large_image","twitter_misc":{"Gesch\u00e4tzte Lesezeit":"12\u00a0Minuten"},"schema":{"@context":"https:\/\/schema.org","@graph":[{"@type":"WebPage","@id":"https:\/\/www.zaanseschans.com\/de\/erklaerung-zum-datenschutz\/","url":"https:\/\/www.zaanseschans.com\/de\/erklaerung-zum-datenschutz\/","name":"Erkl\u00e4rung zum Datenschutz - Zaanse Schans","isPartOf":{"@id":"https:\/\/www.zaanseschans.com\/de\/#website"},"datePublished":"2024-04-21T09:39:11+00:00","dateModified":"2024-06-11T18:28:36+00:00","breadcrumb":{"@id":"https:\/\/www.zaanseschans.com\/de\/erklaerung-zum-datenschutz\/#breadcrumb"},"inLanguage":"de","potentialAction":[{"@type":"ReadAction","target":["https:\/\/www.zaanseschans.com\/de\/erklaerung-zum-datenschutz\/"]}]},{"@type":"BreadcrumbList","@id":"https:\/\/www.zaanseschans.com\/de\/erklaerung-zum-datenschutz\/#breadcrumb","itemListElement":[{"@type":"ListItem","position":1,"name":"Home","item":"https:\/\/www.zaanseschans.com\/de\/"},{"@type":"ListItem","position":2,"name":"Erkl\u00e4rung zum Datenschutz"}]},{"@type":"WebSite","@id":"https:\/\/www.zaanseschans.com\/de\/#website","url":"https:\/\/www.zaanseschans.com\/de\/","name":"Zaanse Schans","description":"","publisher":{"@id":"https:\/\/www.zaanseschans.com\/de\/#organization"},"potentialAction":[{"@type":"SearchAction","target":{"@type":"EntryPoint","urlTemplate":"https:\/\/www.zaanseschans.com\/de\/?s={search_term_string}"},"query-input":{"@type":"PropertyValueSpecification","valueRequired":true,"valueName":"search_term_string"}}],"inLanguage":"de"},{"@type":"Organization","@id":"https:\/\/www.zaanseschans.com\/de\/#organization","name":"Zaanse Schans","url":"https:\/\/www.zaanseschans.com\/de\/","logo":{"@type":"ImageObject","inLanguage":"de","@id":"https:\/\/www.zaanseschans.com\/de\/#\/schema\/logo\/image\/","url":"https:\/\/www.zaanseschans.com\/wp-content\/uploads\/Zaanse-schans-logo-INSTA.jpg","contentUrl":"https:\/\/www.zaanseschans.com\/wp-content\/uploads\/Zaanse-schans-logo-INSTA.jpg","width":360,"height":360,"caption":"Zaanse Schans"},"image":{"@id":"https:\/\/www.zaanseschans.com\/de\/#\/schema\/logo\/image\/"},"sameAs":["https:\/\/www.instagram.com\/zaanseschansholland\/"]}]}},"_links":{"self":[{"href":"https:\/\/www.zaanseschans.com\/de\/wp-json\/wp\/v2\/pages\/11819","targetHints":{"allow":["GET"]}}],"collection":[{"href":"https:\/\/www.zaanseschans.com\/de\/wp-json\/wp\/v2\/pages"}],"about":[{"href":"https:\/\/www.zaanseschans.com\/de\/wp-json\/wp\/v2\/types\/page"}],"author":[{"embeddable":true,"href":"https:\/\/www.zaanseschans.com\/de\/wp-json\/wp\/v2\/users\/1"}],"replies":[{"embeddable":true,"href":"https:\/\/www.zaanseschans.com\/de\/wp-json\/wp\/v2\/comments?post=11819"}],"version-history":[{"count":0,"href":"https:\/\/www.zaanseschans.com\/de\/wp-json\/wp\/v2\/pages\/11819\/revisions"}],"wp:attachment":[{"href":"https:\/\/www.zaanseschans.com\/de\/wp-json\/wp\/v2\/media?parent=11819"}],"curies":[{"name":"wp","href":"https:\/\/api.w.org\/{rel}","templated":true}]}}