{"id":9988,"date":"2024-06-08T10:58:55","date_gmt":"2024-06-08T09:58:55","guid":{"rendered":"https:\/\/www.zaanseschans.com\/colofon\/"},"modified":"2024-06-10T15:01:58","modified_gmt":"2024-06-10T14:01:58","slug":"colofon","status":"publish","type":"page","link":"https:\/\/www.zaanseschans.com\/es\/colofon\/","title":{"rendered":"Colof\u00f3n"},"content":{"rendered":"<div class=\"fusion-fullwidth fullwidth-box fusion-builder-row-1 fusion-flex-container has-pattern-background has-mask-background nonhundred-percent-fullwidth non-hundred-percent-height-scrolling\" style=\"--awb-border-radius-top-left:0px;--awb-border-radius-top-right:0px;--awb-border-radius-bottom-right:0px;--awb-border-radius-bottom-left:0px;--awb-background-image:linear-gradient(180deg, #ffffff 31%,#f9f9f6 100%);--awb-flex-wrap:wrap;\" ><div class=\"fusion-builder-row fusion-row fusion-flex-align-items-flex-start fusion-flex-content-wrap\" style=\"max-width:1430px;margin-left: calc(-4% \/ 2 );margin-right: calc(-4% \/ 2 );\"><div class=\"fusion-layout-column fusion_builder_column fusion-builder-column-0 fusion_builder_column_1_5 1_5 fusion-flex-column\" style=\"--awb-bg-size:cover;--awb-width-large:20%;--awb-margin-top-large:0px;--awb-spacing-right-large:9.6%;--awb-margin-bottom-large:8%;--awb-spacing-left-large:9.6%;--awb-width-medium:100%;--awb-order-medium:0;--awb-spacing-right-medium:1.92%;--awb-spacing-left-medium:1.92%;--awb-width-small:100%;--awb-order-small:0;--awb-spacing-right-small:1.92%;--awb-spacing-left-small:1.92%;\"><div class=\"fusion-column-wrapper fusion-column-has-shadow fusion-flex-justify-content-flex-start fusion-content-layout-column\"><\/div><\/div><div class=\"fusion-layout-column fusion_builder_column fusion-builder-column-1 fusion_builder_column_3_5 3_5 fusion-flex-column\" style=\"--awb-bg-size:cover;--awb-width-large:60%;--awb-margin-top-large:0px;--awb-spacing-right-large:3.2%;--awb-margin-bottom-large:8%;--awb-spacing-left-large:3.2%;--awb-width-medium:100%;--awb-order-medium:0;--awb-spacing-right-medium:1.92%;--awb-spacing-left-medium:1.92%;--awb-width-small:100%;--awb-order-small:0;--awb-spacing-right-small:1.92%;--awb-spacing-left-small:1.92%;\"><div class=\"fusion-column-wrapper fusion-column-has-shadow fusion-flex-justify-content-flex-start fusion-content-layout-column\"><div class=\"fusion-text fusion-text-1\"><h3><strong>Colof\u00f3n<br \/>\n<\/strong><\/h3>\n<hr>\n<p><strong>Fuentes:<\/strong><\/p>\n<ul>\n<li>Banco de im\u00e1genes GAZ &#8211; Archivo municipal de Zaanstad<\/li>\n<li>Sociedad Hist\u00f3rica Koog-Zaandijk<\/li>\n<li>Asociaci\u00f3n Zaans Erfgoed<\/li>\n<li>Asociaci\u00f3n De Zaansche Molen<\/li>\n<li>Fundaci\u00f3n Museo Zaans<\/li>\n<li>Museo Zaanse Tijd<\/li>\n<li>Stadsherstel Amsterdam<\/li>\n<li>Holanda Septentrional Infinita<\/li>\n<li>Wikipedia<\/li>\n<li>Zaanwiki<\/li>\n<li>Zaanse Houtbouw &#8211; J. Schipper \/ J.J. Zonjee<\/li>\n<li>Gu\u00eda de senderismo \u00abZaanse Schans\u00bb &#8211; Jaap Woudt<\/li>\n<li>Gu\u00eda de viaje Capitool &#8216;Zaanse Schans y la regi\u00f3n de Zaan&#8217;<\/li>\n<li>Gu\u00eda de senderismo Zaanse Schans &#8211; Jeroen Breeuwer<\/li>\n<li>Gu\u00eda de senderismo Zaanse Schans &#8211; Philipp van Ekeren \/ Willem Kooijman<\/li>\n<li>Cornelis de Jong \/ &#8216;La arquitectura como oficio&#8217;<\/li>\n<li>Museo del Fuego de Zaens<\/li>\n<li>Fundaci\u00f3n Kalverpolder<\/li>\n<\/ul>\n<p><strong>Im\u00e1genes:<br \/>\n<\/strong><\/p>\n<ul>\n<li>Banco de im\u00e1genes GAZ &#8211; Archivo municipal de Zaanstad<\/li>\n<li>Archivos municipales de \u00c1msterdam<\/li>\n<li>Banco de im\u00e1genes Agencia Nacional del Patrimonio Cultural<\/li>\n<li>Base de datos de im\u00e1genes del Rijksmuseum<\/li>\n<li>Museo Imagen y Sonido \/ Im\u00e1genes Abiertas<\/li>\n<li>Servicio Nacional de Informaci\u00f3n<\/li>\n<li>Cornelis de Jong \/ &#8216;La arquitectura como oficio&#8217;<\/li>\n<li>Archivos Nacionales &#8211; La Haya<\/li>\n<li>Banco Nacional de Im\u00e1genes<strong> <\/strong><\/li>\n<li>Archivo fotogr\u00e1fico Kooijman<\/li>\n<\/ul>\n<p><strong>Ilustraciones:<\/strong><\/p>\n<ul>\n<li>Gieb van Enckevoort<\/li>\n<li>Bob Ris<\/li>\n<li>Rubina A<\/li>\n<\/ul>\n<p><strong>Fotograf\u00eda:<\/strong><\/p>\n<ul>\n<li>Arjen Noord<\/li>\n<li>Iwein Maassen<\/li>\n<li>Rik Braune<\/li>\n<li>Jan Sluijter<\/li>\n<li>Jeroen Breeuwer<\/li>\n<li>Willem Kooijman<\/li>\n<li>Olaf Klijn<\/li>\n<li>Pascal Fielmich<\/li>\n<li>Wim de Jong<\/li>\n<li>Bob Fleumer<\/li>\n<li>Wim Krijt<\/li>\n<li>Mike Bink<\/li>\n<\/ul>\n<p><strong>P\u00e1gina web:<\/strong><\/p>\n<p>El sitio web \u00abzaanseschans.nl\u00bb ha sido elaborado con esmero, pero no podemos garantizar que no contenga informaci\u00f3n inexacta -o anticuada-.<\/p>\n<p>Por lo tanto, OV1509 Zaanse Schans no acepta ninguna responsabilidad por da\u00f1os y perjuicios de cualquier tipo derivados de cualquier informaci\u00f3n incorrecta en este sitio web. El sitio s\u00f3lo pretende ser una fuente de informaci\u00f3n.<\/p>\n<p>OV1509 Zaanse Schans podr\u00e1 modificar la informaci\u00f3n del sitio sin previo aviso ni obligaci\u00f3n alguna.<\/p>\n<p>\u00bfTienes alguna pregunta o comentario sobre este sitio? Entonces ponte en contacto con OV1509 Zaanse Schans &#8211; <a href=\"mailto:info@zaanseschans.nl\">info@zaanseschans.nl.<\/a><\/p>\n<p><strong><br \/>\nDerechos de autor:<\/strong><\/p>\n<p>Todos los textos e im\u00e1genes de zaanseschans.nl est\u00e1n protegidos por derechos de autor y no pueden ser utilizados por terceros.<\/p>\n<p>Si alg\u00fan texto o imagen de este sitio web utiliza derechos de autor incorrectos, te rogamos que nos lo comuniques:<br \/>\nOV1509 Zaanse Schans &#8211; <a href=\"mailto:info@zaanseschans.nl\">info@zaanseschans.nl<\/a><\/p>\n<p>\u00bfEn caso de que te fotograf\u00eden inesperadamente y no quieras serlo?<br \/>\nSi es as\u00ed, env\u00edanos un correo electr\u00f3nico y eliminaremos la foto del sitio web.<\/p>\n<\/div><\/div><\/div><div class=\"fusion-layout-column fusion_builder_column fusion-builder-column-2 fusion_builder_column_1_5 1_5 fusion-flex-column\" style=\"--awb-bg-size:cover;--awb-width-large:20%;--awb-margin-top-large:0px;--awb-spacing-right-large:9.6%;--awb-margin-bottom-large:8%;--awb-spacing-left-large:9.6%;--awb-width-medium:100%;--awb-order-medium:0;--awb-spacing-right-medium:1.92%;--awb-spacing-left-medium:1.92%;--awb-width-small:100%;--awb-order-small:0;--awb-spacing-right-small:1.92%;--awb-spacing-left-small:1.92%;\"><div class=\"fusion-column-wrapper fusion-column-has-shadow fusion-flex-justify-content-flex-start fusion-content-layout-column\"><\/div><\/div><\/div><\/div>\n","protected":false},"excerpt":{"rendered":"","protected":false},"author":1,"featured_media":0,"parent":0,"menu_order":0,"comment_status":"closed","ping_status":"closed","template":"100-width.php","meta":{"footnotes":""},"class_list":["post-9988","page","type-page","status-publish","hentry"],"yoast_head":"<!-- This site is optimized with the Yoast SEO plugin v27.3 - https:\/\/yoast.com\/product\/yoast-seo-wordpress\/ -->\n<title>Colof\u00f3n - Zaanse Schans<\/title>\n<meta name=\"robots\" content=\"index, follow, max-snippet:-1, max-image-preview:large, max-video-preview:-1\" \/>\n<link rel=\"canonical\" href=\"https:\/\/www.zaanseschans.com\/es\/colofon\/\" \/>\n<meta property=\"og:locale\" content=\"es_ES\" \/>\n<meta property=\"og:type\" content=\"article\" \/>\n<meta property=\"og:title\" content=\"Colof\u00f3n - Zaanse Schans\" \/>\n<meta property=\"og:url\" content=\"https:\/\/www.zaanseschans.com\/es\/colofon\/\" \/>\n<meta property=\"og:site_name\" content=\"Zaanse Schans\" \/>\n<meta property=\"article:modified_time\" content=\"2024-06-10T14:01:58+00:00\" \/>\n<meta name=\"twitter:card\" content=\"summary_large_image\" \/>\n<meta name=\"twitter:label1\" content=\"Tiempo de lectura\" \/>\n\t<meta name=\"twitter:data1\" content=\"12 minutos\" \/>\n<script type=\"application\/ld+json\" class=\"yoast-schema-graph\">{\"@context\":\"https:\\\/\\\/schema.org\",\"@graph\":[{\"@type\":\"WebPage\",\"@id\":\"https:\\\/\\\/www.zaanseschans.com\\\/es\\\/colofon\\\/\",\"url\":\"https:\\\/\\\/www.zaanseschans.com\\\/es\\\/colofon\\\/\",\"name\":\"Colof\u00f3n - Zaanse Schans\",\"isPartOf\":{\"@id\":\"https:\\\/\\\/www.zaanseschans.com\\\/es\\\/#website\"},\"datePublished\":\"2024-06-08T09:58:55+00:00\",\"dateModified\":\"2024-06-10T14:01:58+00:00\",\"breadcrumb\":{\"@id\":\"https:\\\/\\\/www.zaanseschans.com\\\/es\\\/colofon\\\/#breadcrumb\"},\"inLanguage\":\"es\",\"potentialAction\":[{\"@type\":\"ReadAction\",\"target\":[\"https:\\\/\\\/www.zaanseschans.com\\\/es\\\/colofon\\\/\"]}]},{\"@type\":\"BreadcrumbList\",\"@id\":\"https:\\\/\\\/www.zaanseschans.com\\\/es\\\/colofon\\\/#breadcrumb\",\"itemListElement\":[{\"@type\":\"ListItem\",\"position\":1,\"name\":\"Home\",\"item\":\"https:\\\/\\\/www.zaanseschans.com\\\/es\\\/\"},{\"@type\":\"ListItem\",\"position\":2,\"name\":\"Colof\u00f3n\"}]},{\"@type\":\"WebSite\",\"@id\":\"https:\\\/\\\/www.zaanseschans.com\\\/es\\\/#website\",\"url\":\"https:\\\/\\\/www.zaanseschans.com\\\/es\\\/\",\"name\":\"Zaanse Schans\",\"description\":\"\",\"publisher\":{\"@id\":\"https:\\\/\\\/www.zaanseschans.com\\\/es\\\/#organization\"},\"potentialAction\":[{\"@type\":\"SearchAction\",\"target\":{\"@type\":\"EntryPoint\",\"urlTemplate\":\"https:\\\/\\\/www.zaanseschans.com\\\/es\\\/?s={search_term_string}\"},\"query-input\":{\"@type\":\"PropertyValueSpecification\",\"valueRequired\":true,\"valueName\":\"search_term_string\"}}],\"inLanguage\":\"es\"},{\"@type\":\"Organization\",\"@id\":\"https:\\\/\\\/www.zaanseschans.com\\\/es\\\/#organization\",\"name\":\"Zaanse Schans\",\"url\":\"https:\\\/\\\/www.zaanseschans.com\\\/es\\\/\",\"logo\":{\"@type\":\"ImageObject\",\"inLanguage\":\"es\",\"@id\":\"https:\\\/\\\/www.zaanseschans.com\\\/es\\\/#\\\/schema\\\/logo\\\/image\\\/\",\"url\":\"https:\\\/\\\/www.zaanseschans.com\\\/wp-content\\\/uploads\\\/Zaanse-schans-logo-INSTA.jpg\",\"contentUrl\":\"https:\\\/\\\/www.zaanseschans.com\\\/wp-content\\\/uploads\\\/Zaanse-schans-logo-INSTA.jpg\",\"width\":360,\"height\":360,\"caption\":\"Zaanse Schans\"},\"image\":{\"@id\":\"https:\\\/\\\/www.zaanseschans.com\\\/es\\\/#\\\/schema\\\/logo\\\/image\\\/\"},\"sameAs\":[\"https:\\\/\\\/www.instagram.com\\\/zaanseschansholland\\\/\"]}]}<\/script>\n<!-- \/ Yoast SEO plugin. -->","yoast_head_json":{"title":"Colof\u00f3n - Zaanse Schans","robots":{"index":"index","follow":"follow","max-snippet":"max-snippet:-1","max-image-preview":"max-image-preview:large","max-video-preview":"max-video-preview:-1"},"canonical":"https:\/\/www.zaanseschans.com\/es\/colofon\/","og_locale":"es_ES","og_type":"article","og_title":"Colof\u00f3n - Zaanse Schans","og_url":"https:\/\/www.zaanseschans.com\/es\/colofon\/","og_site_name":"Zaanse Schans","article_modified_time":"2024-06-10T14:01:58+00:00","twitter_card":"summary_large_image","twitter_misc":{"Tiempo de lectura":"12 minutos"},"schema":{"@context":"https:\/\/schema.org","@graph":[{"@type":"WebPage","@id":"https:\/\/www.zaanseschans.com\/es\/colofon\/","url":"https:\/\/www.zaanseschans.com\/es\/colofon\/","name":"Colof\u00f3n - Zaanse Schans","isPartOf":{"@id":"https:\/\/www.zaanseschans.com\/es\/#website"},"datePublished":"2024-06-08T09:58:55+00:00","dateModified":"2024-06-10T14:01:58+00:00","breadcrumb":{"@id":"https:\/\/www.zaanseschans.com\/es\/colofon\/#breadcrumb"},"inLanguage":"es","potentialAction":[{"@type":"ReadAction","target":["https:\/\/www.zaanseschans.com\/es\/colofon\/"]}]},{"@type":"BreadcrumbList","@id":"https:\/\/www.zaanseschans.com\/es\/colofon\/#breadcrumb","itemListElement":[{"@type":"ListItem","position":1,"name":"Home","item":"https:\/\/www.zaanseschans.com\/es\/"},{"@type":"ListItem","position":2,"name":"Colof\u00f3n"}]},{"@type":"WebSite","@id":"https:\/\/www.zaanseschans.com\/es\/#website","url":"https:\/\/www.zaanseschans.com\/es\/","name":"Zaanse Schans","description":"","publisher":{"@id":"https:\/\/www.zaanseschans.com\/es\/#organization"},"potentialAction":[{"@type":"SearchAction","target":{"@type":"EntryPoint","urlTemplate":"https:\/\/www.zaanseschans.com\/es\/?s={search_term_string}"},"query-input":{"@type":"PropertyValueSpecification","valueRequired":true,"valueName":"search_term_string"}}],"inLanguage":"es"},{"@type":"Organization","@id":"https:\/\/www.zaanseschans.com\/es\/#organization","name":"Zaanse Schans","url":"https:\/\/www.zaanseschans.com\/es\/","logo":{"@type":"ImageObject","inLanguage":"es","@id":"https:\/\/www.zaanseschans.com\/es\/#\/schema\/logo\/image\/","url":"https:\/\/www.zaanseschans.com\/wp-content\/uploads\/Zaanse-schans-logo-INSTA.jpg","contentUrl":"https:\/\/www.zaanseschans.com\/wp-content\/uploads\/Zaanse-schans-logo-INSTA.jpg","width":360,"height":360,"caption":"Zaanse Schans"},"image":{"@id":"https:\/\/www.zaanseschans.com\/es\/#\/schema\/logo\/image\/"},"sameAs":["https:\/\/www.instagram.com\/zaanseschansholland\/"]}]}},"_links":{"self":[{"href":"https:\/\/www.zaanseschans.com\/es\/wp-json\/wp\/v2\/pages\/9988","targetHints":{"allow":["GET"]}}],"collection":[{"href":"https:\/\/www.zaanseschans.com\/es\/wp-json\/wp\/v2\/pages"}],"about":[{"href":"https:\/\/www.zaanseschans.com\/es\/wp-json\/wp\/v2\/types\/page"}],"author":[{"embeddable":true,"href":"https:\/\/www.zaanseschans.com\/es\/wp-json\/wp\/v2\/users\/1"}],"replies":[{"embeddable":true,"href":"https:\/\/www.zaanseschans.com\/es\/wp-json\/wp\/v2\/comments?post=9988"}],"version-history":[{"count":0,"href":"https:\/\/www.zaanseschans.com\/es\/wp-json\/wp\/v2\/pages\/9988\/revisions"}],"wp:attachment":[{"href":"https:\/\/www.zaanseschans.com\/es\/wp-json\/wp\/v2\/media?parent=9988"}],"curies":[{"name":"wp","href":"https:\/\/api.w.org\/{rel}","templated":true}]}}